{"id":7097,"date":"2021-03-03T15:10:38","date_gmt":"2021-03-03T14:10:38","guid":{"rendered":"https:\/\/www.stiftung-woeb.de\/contact-details\/"},"modified":"2025-07-23T15:02:48","modified_gmt":"2025-07-23T13:02:48","slug":"contact","status":"publish","type":"page","link":"https:\/\/www.stiftung-woeb.de\/en\/contact\/","title":{"rendered":"Contact"},"content":{"rendered":"<p>[et_pb_section fb_built=&#8221;1&#8243; _builder_version=&#8221;4.16&#8243; custom_margin=&#8221;0px||0px||true|false&#8221; custom_padding=&#8221;0px||0px||true|false&#8221; collapsed=&#8221;off&#8221; global_colors_info=&#8221;{}&#8221; locked=&#8221;off&#8221; theme_builder_area=&#8221;post_content&#8221;][et_pb_row column_structure=&#8221;1_2,1_2&#8243; _builder_version=&#8221;4.27.4&#8243; _module_preset=&#8221;default&#8221; width=&#8221;95%&#8221; hover_enabled=&#8221;0&#8243; global_colors_info=&#8221;{}&#8221; sticky_enabled=&#8221;0&#8243; theme_builder_area=&#8221;post_content&#8221;][et_pb_column type=&#8221;1_2&#8243; _builder_version=&#8221;4.16&#8243; _module_preset=&#8221;default&#8221; global_colors_info=&#8221;{}&#8221; theme_builder_area=&#8221;post_content&#8221;][et_pb_text _builder_version=&#8221;4.27.4&#8243; _module_preset=&#8221;default&#8221; custom_margin=&#8221;12px||||false|false&#8221; hover_enabled=&#8221;0&#8243; global_colors_info=&#8221;{}&#8221; sticky_enabled=&#8221;0&#8243; theme_builder_area=&#8221;post_content&#8221;]<\/p>\n<h1>Office<\/h1>\n<p>Anna Kaiser<br \/>Managing Director<\/p>\n<p>Alina Vedmedyeva<br \/>Administration \/ Finance \/ Project Support<\/p>\n<h2>Contact details<\/h2>\n<p>Stiftung West-\u00d6stliche Begegnungen<br \/>Nicolaihaus<br \/>Br\u00fcderstra\u00dfe 13<br \/>10178 Berlin-Mitte<\/p>\n<p>Phone: +49 30 204 4840<br \/>Fax: +49 30 206 47646<br \/>E-mail: info@stiftung-woeb.de<\/p>\n<p>[\/et_pb_text][\/et_pb_column][et_pb_column type=&#8221;1_2&#8243; _builder_version=&#8221;4.16&#8243; _module_preset=&#8221;default&#8221; global_colors_info=&#8221;{}&#8221; theme_builder_area=&#8221;post_content&#8221;][\/et_pb_column][\/et_pb_row][\/et_pb_section]<\/p>\n","protected":false},"excerpt":{"rendered":"<p>Office Anna KaiserManaging Director Alina VedmedyevaAdministration \/ Finance \/ Project Support Contact details Stiftung West-\u00d6stliche BegegnungenNicolaihausBr\u00fcderstra\u00dfe 1310178 Berlin-Mitte Phone: +49 30 204 4840Fax: +49 30 206 47646E-mail: info@stiftung-woeb.de<\/p>\n","protected":false},"author":1,"featured_media":0,"parent":0,"menu_order":0,"comment_status":"closed","ping_status":"closed","template":"","meta":{"_et_pb_use_builder":"on","_et_pb_old_content":"","_et_gb_content_width":"","footnotes":""},"class_list":["post-7097","page","type-page","status-publish","hentry"],"yoast_head":"<!-- This site is optimized with the Yoast SEO plugin v26.0 - https:\/\/yoast.com\/wordpress\/plugins\/seo\/ -->\n<title>Contact - Stiftung West-\u00d6stliche Begegnungen<\/title>\n<meta name=\"robots\" content=\"index, follow, max-snippet:-1, max-image-preview:large, max-video-preview:-1\" \/>\n<link rel=\"canonical\" href=\"https:\/\/www.stiftung-woeb.de\/en\/contact\/\" \/>\n<meta property=\"og:locale\" content=\"en_US\" \/>\n<meta property=\"og:type\" content=\"article\" \/>\n<meta property=\"og:title\" content=\"Contact - Stiftung West-\u00d6stliche Begegnungen\" \/>\n<meta property=\"og:description\" content=\"Office Anna KaiserManaging Director Alina VedmedyevaAdministration \/ Finance \/ Project Support Contact details Stiftung West-\u00d6stliche BegegnungenNicolaihausBr\u00fcderstra\u00dfe 1310178 Berlin-Mitte Phone: +49 30 204 4840Fax: +49 30 206 47646E-mail: info@stiftung-woeb.de\" \/>\n<meta property=\"og:url\" content=\"https:\/\/www.stiftung-woeb.de\/en\/contact\/\" \/>\n<meta property=\"og:site_name\" content=\"Stiftung West-\u00d6stliche Begegnungen\" \/>\n<meta property=\"article:modified_time\" content=\"2025-07-23T13:02:48+00:00\" \/>\n<meta name=\"twitter:card\" content=\"summary_large_image\" \/>\n<meta name=\"twitter:label1\" content=\"Est. reading time\" \/>\n\t<meta name=\"twitter:data1\" content=\"1 minute\" \/>\n<script type=\"application\/ld+json\" class=\"yoast-schema-graph\">{\"@context\":\"https:\/\/schema.org\",\"@graph\":[{\"@type\":\"WebPage\",\"@id\":\"https:\/\/www.stiftung-woeb.de\/en\/contact\/\",\"url\":\"https:\/\/www.stiftung-woeb.de\/en\/contact\/\",\"name\":\"Contact - Stiftung West-\u00d6stliche Begegnungen\",\"isPartOf\":{\"@id\":\"https:\/\/www.stiftung-woeb.de\/en\/#website\"},\"datePublished\":\"2021-03-03T14:10:38+00:00\",\"dateModified\":\"2025-07-23T13:02:48+00:00\",\"breadcrumb\":{\"@id\":\"https:\/\/www.stiftung-woeb.de\/en\/contact\/#breadcrumb\"},\"inLanguage\":\"en-US\",\"potentialAction\":[{\"@type\":\"ReadAction\",\"target\":[\"https:\/\/www.stiftung-woeb.de\/en\/contact\/\"]}]},{\"@type\":\"BreadcrumbList\",\"@id\":\"https:\/\/www.stiftung-woeb.de\/en\/contact\/#breadcrumb\",\"itemListElement\":[{\"@type\":\"ListItem\",\"position\":1,\"name\":\"Startseite\",\"item\":\"https:\/\/www.stiftung-woeb.de\/en\/welcome\/\"},{\"@type\":\"ListItem\",\"position\":2,\"name\":\"Contact\"}]},{\"@type\":\"WebSite\",\"@id\":\"https:\/\/www.stiftung-woeb.de\/en\/#website\",\"url\":\"https:\/\/www.stiftung-woeb.de\/en\/\",\"name\":\"Stiftung West-\u00d6stliche Begegnungen\",\"description\":\"\",\"potentialAction\":[{\"@type\":\"SearchAction\",\"target\":{\"@type\":\"EntryPoint\",\"urlTemplate\":\"https:\/\/www.stiftung-woeb.de\/en\/?s={search_term_string}\"},\"query-input\":{\"@type\":\"PropertyValueSpecification\",\"valueRequired\":true,\"valueName\":\"search_term_string\"}}],\"inLanguage\":\"en-US\"}]}<\/script>\n<!-- \/ Yoast SEO plugin. -->","yoast_head_json":{"title":"Contact - Stiftung West-\u00d6stliche Begegnungen","robots":{"index":"index","follow":"follow","max-snippet":"max-snippet:-1","max-image-preview":"max-image-preview:large","max-video-preview":"max-video-preview:-1"},"canonical":"https:\/\/www.stiftung-woeb.de\/en\/contact\/","og_locale":"en_US","og_type":"article","og_title":"Contact - Stiftung West-\u00d6stliche Begegnungen","og_description":"Office Anna KaiserManaging Director Alina VedmedyevaAdministration \/ Finance \/ Project Support Contact details Stiftung West-\u00d6stliche BegegnungenNicolaihausBr\u00fcderstra\u00dfe 1310178 Berlin-Mitte Phone: +49 30 204 4840Fax: +49 30 206 47646E-mail: info@stiftung-woeb.de","og_url":"https:\/\/www.stiftung-woeb.de\/en\/contact\/","og_site_name":"Stiftung West-\u00d6stliche Begegnungen","article_modified_time":"2025-07-23T13:02:48+00:00","twitter_card":"summary_large_image","twitter_misc":{"Est. reading time":"1 minute"},"schema":{"@context":"https:\/\/schema.org","@graph":[{"@type":"WebPage","@id":"https:\/\/www.stiftung-woeb.de\/en\/contact\/","url":"https:\/\/www.stiftung-woeb.de\/en\/contact\/","name":"Contact - Stiftung West-\u00d6stliche Begegnungen","isPartOf":{"@id":"https:\/\/www.stiftung-woeb.de\/en\/#website"},"datePublished":"2021-03-03T14:10:38+00:00","dateModified":"2025-07-23T13:02:48+00:00","breadcrumb":{"@id":"https:\/\/www.stiftung-woeb.de\/en\/contact\/#breadcrumb"},"inLanguage":"en-US","potentialAction":[{"@type":"ReadAction","target":["https:\/\/www.stiftung-woeb.de\/en\/contact\/"]}]},{"@type":"BreadcrumbList","@id":"https:\/\/www.stiftung-woeb.de\/en\/contact\/#breadcrumb","itemListElement":[{"@type":"ListItem","position":1,"name":"Startseite","item":"https:\/\/www.stiftung-woeb.de\/en\/welcome\/"},{"@type":"ListItem","position":2,"name":"Contact"}]},{"@type":"WebSite","@id":"https:\/\/www.stiftung-woeb.de\/en\/#website","url":"https:\/\/www.stiftung-woeb.de\/en\/","name":"Stiftung West-\u00d6stliche Begegnungen","description":"","potentialAction":[{"@type":"SearchAction","target":{"@type":"EntryPoint","urlTemplate":"https:\/\/www.stiftung-woeb.de\/en\/?s={search_term_string}"},"query-input":{"@type":"PropertyValueSpecification","valueRequired":true,"valueName":"search_term_string"}}],"inLanguage":"en-US"}]}},"_links":{"self":[{"href":"https:\/\/www.stiftung-woeb.de\/en\/wp-json\/wp\/v2\/pages\/7097","targetHints":{"allow":["GET"]}}],"collection":[{"href":"https:\/\/www.stiftung-woeb.de\/en\/wp-json\/wp\/v2\/pages"}],"about":[{"href":"https:\/\/www.stiftung-woeb.de\/en\/wp-json\/wp\/v2\/types\/page"}],"author":[{"embeddable":true,"href":"https:\/\/www.stiftung-woeb.de\/en\/wp-json\/wp\/v2\/users\/1"}],"replies":[{"embeddable":true,"href":"https:\/\/www.stiftung-woeb.de\/en\/wp-json\/wp\/v2\/comments?post=7097"}],"version-history":[{"count":6,"href":"https:\/\/www.stiftung-woeb.de\/en\/wp-json\/wp\/v2\/pages\/7097\/revisions"}],"predecessor-version":[{"id":7132,"href":"https:\/\/www.stiftung-woeb.de\/en\/wp-json\/wp\/v2\/pages\/7097\/revisions\/7132"}],"wp:attachment":[{"href":"https:\/\/www.stiftung-woeb.de\/en\/wp-json\/wp\/v2\/media?parent=7097"}],"curies":[{"name":"wp","href":"https:\/\/api.w.org\/{rel}","templated":true}]}}